{"id":48,"date":"2025-11-09T22:37:51","date_gmt":"2025-11-09T19:37:51","guid":{"rendered":"https:\/\/www.sakaryakimya.com\/?page_id=48"},"modified":"2025-11-28T17:20:48","modified_gmt":"2025-11-28T14:20:48","slug":"hakkimizda","status":"publish","type":"page","link":"https:\/\/www.sakaryakimya.com\/?page_id=48","title":{"rendered":"HAKKIMIZDA"},"content":{"rendered":"\n<p>20 y\u0131l\u0131 a\u015fk\u0131n tecr\u00fcbemiz, m\u00fc\u015fteri odakl\u0131 hizmet anlay\u0131\u015f\u0131m\u0131zla tekstil, deterjan, kozmetik, g\u0131da ve di\u011fer sekt\u00f6rlere hammadde tedarik etmekte, teknik destek ve form\u00fclasyon yard\u0131m\u0131 yapmaktay\u0131z. <\/p>\n\n\n\n<p>M\u00fc\u015fteri memnuniyetini \u00f6n planda tutan anlay\u0131\u015f\u0131m\u0131z, tecr\u00fcbeli \u00e7al\u0131\u015fanlar\u0131m\u0131z ve yayg\u0131n hizmet a\u011f\u0131m\u0131zla OHSAS 18001:2007 \u0130\u015f Sa\u011fl\u0131\u011f\u0131 G\u00fcvenli\u011fi Y\u00f6netim Sistemi, ISO 14001:2015 \u00c7evre Y\u00f6netim Sistemi, ISO 9001:2015 Kalite Sertifikas\u0131 gibi belgelere sahibi olmam\u0131z, isteklerinizin kar\u015f\u0131lanmas\u0131 konusunda en b\u00fcy\u00fck g\u00fcvencenizdir.<\/p>\n\n\n\n<p>Geni\u015f \u00fcr\u00fcn portf\u00f6y\u00fcm\u00fcz, d\u00fcnyan\u0131n \u00f6nde gelen \u00fcreticileriyle yapt\u0131\u011f\u0131m\u0131z i\u015f birli\u011fi, e\u011fitimli ve profesyonel kadromuzla siz m\u00fc\u015fterilerimize hizmet vermekten gurur duyuyoruz.<\/p>\n\n\n\n<blockquote class=\"wp-block-quote is-layout-flow wp-block-quote-is-layout-flow\">\n<p>Merhaba! G\u00fcnd\u00fczleri bisikletli kurye, geceleri ise hevesli bir akt\u00f6r\u00fcm, buras\u0131 da benim sitem. \u0130stanbul\u2019da ya\u015f\u0131yorum, B\u0131d\u0131k isminde harika bir k\u00f6pe\u011fim var ve pi\u00f1a colada i\u00e7meyi seviyorum. (Ve ya\u011fmura yakalanmay\u0131.)<\/p>\n<\/blockquote>\n\n\n\n<p>\u2026ya da bunun gibi bir \u015feyler:<\/p>\n\n\n\n<blockquote class=\"wp-block-quote is-layout-flow wp-block-quote-is-layout-flow\">\n<p>XYZ firmas\u0131 1971 y\u0131l\u0131nda kurulmu\u015ftur ve kuruldu\u011fundan bu yana kaliteli \u015feyler \u00fcretmektedir. Gotham \u015fehrinde konu\u015flanm\u0131\u015f olan XYZ firmas\u0131 2.000 \u00fczerinde \u00e7al\u0131\u015fan\u0131 ile Gotham \u015fehri i\u00e7in her \u015feyin en iyisini yapmaya \u00e7al\u0131\u015fmaktad\u0131r.<\/p>\n<\/blockquote>\n\n\n\n<p>Yeni bir WordPress kullan\u0131c\u0131s\u0131 olarak \u00f6ncelikle <a href=\"https:\/\/www.sakaryakimya.com\/wp-admin\/\">Ba\u015flang\u0131\u00e7 ekran\u0131na<\/a> gidip bu sayfay\u0131 silerek kendi sayfalar\u0131n\u0131z\u0131 olu\u015fturmal\u0131s\u0131n\u0131z. \u0130yi e\u011flenceler!<\/p>\n","protected":false},"excerpt":{"rendered":"<p>20 y\u0131l\u0131 a\u015fk\u0131n tecr\u00fcbemiz, m\u00fc\u015fteri odakl\u0131 hizmet anlay\u0131\u015f\u0131m\u0131zla tekstil, deterjan, kozmetik, g\u0131da ve di\u011fer sekt\u00f6rlere hammadde tedarik etmekte, teknik destek [&hellip;]<\/p>\n","protected":false},"author":1,"featured_media":0,"parent":0,"menu_order":0,"comment_status":"closed","ping_status":"closed","template":"","meta":{"saved_in_kubio":true,"site-sidebar-layout":"default","site-content-layout":"","ast-site-content-layout":"default","site-content-style":"default","site-sidebar-style":"default","ast-global-header-display":"","ast-banner-title-visibility":"","ast-main-header-display":"","ast-hfb-above-header-display":"","ast-hfb-below-header-display":"","ast-hfb-mobile-header-display":"","site-post-title":"","ast-breadcrumbs-content":"","ast-featured-img":"","footer-sml-layout":"","theme-transparent-header-meta":"","adv-header-id-meta":"","stick-header-meta":"","header-above-stick-meta":"","header-main-stick-meta":"","header-below-stick-meta":"","astra-migrate-meta-layouts":"default","ast-page-background-enabled":"default","ast-page-background-meta":{"desktop":{"background-color":"var(--ast-global-color-5)","background-image":"","background-repeat":"repeat","background-position":"center center","background-size":"auto","background-attachment":"scroll","background-type":"","background-media":"","overlay-type":"","overlay-color":"","overlay-opacity":"","overlay-gradient":""},"tablet":{"background-color":"","background-image":"","background-repeat":"repeat","background-position":"center center","background-size":"auto","background-attachment":"scroll","background-type":"","background-media":"","overlay-type":"","overlay-color":"","overlay-opacity":"","overlay-gradient":""},"mobile":{"background-color":"","background-image":"","background-repeat":"repeat","background-position":"center center","background-size":"auto","background-attachment":"scroll","background-type":"","background-media":"","overlay-type":"","overlay-color":"","overlay-opacity":"","overlay-gradient":""}},"ast-content-background-meta":{"desktop":{"background-color":"var(--ast-global-color-4)","background-image":"","background-repeat":"repeat","background-position":"center center","background-size":"auto","background-attachment":"scroll","background-type":"","background-media":"","overlay-type":"","overlay-color":"","overlay-opacity":"","overlay-gradient":""},"tablet":{"background-color":"var(--ast-global-color-4)","background-image":"","background-repeat":"repeat","background-position":"center center","background-size":"auto","background-attachment":"scroll","background-type":"","background-media":"","overlay-type":"","overlay-color":"","overlay-opacity":"","overlay-gradient":""},"mobile":{"background-color":"var(--ast-global-color-4)","background-image":"","background-repeat":"repeat","background-position":"center center","background-size":"auto","background-attachment":"scroll","background-type":"","background-media":"","overlay-type":"","overlay-color":"","overlay-opacity":"","overlay-gradient":""}},"footnotes":""},"class_list":["post-48","page","type-page","status-publish","hentry"],"kubio_ai_page_context":{"short_desc":"","purpose":"general"},"_links":{"self":[{"href":"https:\/\/www.sakaryakimya.com\/index.php?rest_route=\/wp\/v2\/pages\/48","targetHints":{"allow":["GET"]}}],"collection":[{"href":"https:\/\/www.sakaryakimya.com\/index.php?rest_route=\/wp\/v2\/pages"}],"about":[{"href":"https:\/\/www.sakaryakimya.com\/index.php?rest_route=\/wp\/v2\/types\/page"}],"author":[{"embeddable":true,"href":"https:\/\/www.sakaryakimya.com\/index.php?rest_route=\/wp\/v2\/users\/1"}],"replies":[{"embeddable":true,"href":"https:\/\/www.sakaryakimya.com\/index.php?rest_route=%2Fwp%2Fv2%2Fcomments&post=48"}],"version-history":[{"count":1,"href":"https:\/\/www.sakaryakimya.com\/index.php?rest_route=\/wp\/v2\/pages\/48\/revisions"}],"predecessor-version":[{"id":169,"href":"https:\/\/www.sakaryakimya.com\/index.php?rest_route=\/wp\/v2\/pages\/48\/revisions\/169"}],"wp:attachment":[{"href":"https:\/\/www.sakaryakimya.com\/index.php?rest_route=%2Fwp%2Fv2%2Fmedia&parent=48"}],"curies":[{"name":"wp","href":"https:\/\/api.w.org\/{rel}","templated":true}]}}